
{"id":4423,"date":"2023-05-22T14:29:13","date_gmt":"2023-05-22T12:29:13","guid":{"rendered":"https:\/\/orava.lu\/cookies\/"},"modified":"2023-08-22T14:42:02","modified_gmt":"2023-08-22T12:42:02","slug":"cookies","status":"publish","type":"page","link":"https:\/\/orava.lu\/lu-lu\/cookies\/","title":{"rendered":"Cookies"},"content":{"rendered":"\t\t<div data-elementor-type=\"wp-page\" data-elementor-id=\"4423\" class=\"elementor elementor-4423 elementor-1177\" data-elementor-post-type=\"page\">\n\t\t\t\t\t\t\t\t\t<section class=\"elementor-section elementor-top-section elementor-element elementor-element-c166bf1 elementor-section-boxed elementor-section-height-default elementor-section-height-default\" data-id=\"c166bf1\" data-element_type=\"section\">\n\t\t\t\t\t\t<div class=\"elementor-container elementor-column-gap-default\">\n\t\t\t\t\t<div class=\"elementor-column elementor-col-100 elementor-top-column elementor-element elementor-element-269265d\" data-id=\"269265d\" data-element_type=\"column\">\n\t\t\t<div class=\"elementor-widget-wrap elementor-element-populated\">\n\t\t\t\t\t\t\t\t<div class=\"elementor-element elementor-element-293c019 elementor-widget elementor-widget-heading\" data-id=\"293c019\" data-element_type=\"widget\" data-widget_type=\"heading.default\">\n\t\t\t\t<div class=\"elementor-widget-container\">\n\t\t\t<style>\/*! elementor - v3.15.0 - 09-08-2023 *\/\n.elementor-heading-title{padding:0;margin:0;line-height:1}.elementor-widget-heading .elementor-heading-title[class*=elementor-size-]>a{color:inherit;font-size:inherit;line-height:inherit}.elementor-widget-heading .elementor-heading-title.elementor-size-small{font-size:15px}.elementor-widget-heading .elementor-heading-title.elementor-size-medium{font-size:19px}.elementor-widget-heading .elementor-heading-title.elementor-size-large{font-size:29px}.elementor-widget-heading .elementor-heading-title.elementor-size-xl{font-size:39px}.elementor-widget-heading .elementor-heading-title.elementor-size-xxl{font-size:59px}<\/style><h1 class=\"elementor-heading-title elementor-size-default\">COOKIES \u2013 Orava<\/h1>\t\t<\/div>\n\t\t\t\t<\/div>\n\t\t\t\t\t<\/div>\n\t\t<\/div>\n\t\t\t\t\t\t\t<\/div>\n\t\t<\/section>\n\t\t\t\t<section class=\"elementor-section elementor-top-section elementor-element elementor-element-16dba9d elementor-section-boxed elementor-section-height-default elementor-section-height-default\" data-id=\"16dba9d\" data-element_type=\"section\">\n\t\t\t\t\t\t<div class=\"elementor-container elementor-column-gap-default\">\n\t\t\t\t\t<div class=\"elementor-column elementor-col-100 elementor-top-column elementor-element elementor-element-55ed742\" data-id=\"55ed742\" data-element_type=\"column\">\n\t\t\t<div class=\"elementor-widget-wrap elementor-element-populated\">\n\t\t\t\t\t\t\t\t<div class=\"elementor-element elementor-element-f2bcb36 elementor-widget elementor-widget-text-editor\" data-id=\"f2bcb36\" data-element_type=\"widget\" data-widget_type=\"text-editor.default\">\n\t\t\t\t<div class=\"elementor-widget-container\">\n\t\t\t<style>\/*! elementor - v3.15.0 - 09-08-2023 *\/\n.elementor-widget-text-editor.elementor-drop-cap-view-stacked .elementor-drop-cap{background-color:#69727d;color:#fff}.elementor-widget-text-editor.elementor-drop-cap-view-framed .elementor-drop-cap{color:#69727d;border:3px solid;background-color:transparent}.elementor-widget-text-editor:not(.elementor-drop-cap-view-default) .elementor-drop-cap{margin-top:8px}.elementor-widget-text-editor:not(.elementor-drop-cap-view-default) .elementor-drop-cap-letter{width:1em;height:1em}.elementor-widget-text-editor .elementor-drop-cap{float:left;text-align:center;line-height:1;font-size:50px}.elementor-widget-text-editor .elementor-drop-cap-letter{display:inline-block}<\/style>\t\t\t\t<div class=\"elementor-element elementor-element-07f4a13 elementor-widget elementor-widget-heading\" data-id=\"07f4a13\" data-element_type=\"widget\" data-widget_type=\"heading.default\">\n<div class=\"elementor-widget-container\">\n<div class=\"elementor-element elementor-element-07f4a13 elementor-widget elementor-widget-heading\" data-id=\"07f4a13\" data-element_type=\"widget\" data-widget_type=\"heading.default\">\n<div class=\"elementor-widget-container\">\n<div>La pr\u00e9sente politique en mati\u00e8re de cookies explique ce que sont les cookies et comment nous les utilisons, les types de cookies que nous utilisons, c\u2019est-\u00e0-dire les informations que nous recueillons \u00e0 l\u2019aide de cookies et comment ces informations sont utilis\u00e9es, et comment contr\u00f4ler les pr\u00e9f\u00e9rences des cookies. Pour plus d\u2019informations sur la fa\u00e7on dont nous utilisons, stockons et prot\u00e9geons vos donn\u00e9es personnelles, consultez notre politique priv\u00e9e. Vous pouvez \u00e0 tout moment modifier ou retirer votre consentement \u00e0 la d\u00e9claration sur les cookies sur notre site web. Pour en savoir plus sur qui nous sommes, comment vous pouvez nous contacter et comment nous traitons les donn\u00e9es personnelles, consultez notre politique priv\u00e9e. Votre consentement s\u2019applique aux domaine suivant : <strong><a href=\"https:\/\/orava.lu\/lu-lu\/\" target=\"_blank\" rel=\"noopener\">orava.lu<\/a><\/strong><\/div>\n<h3> <\/h3>\n<h3><strong>Qu\u2019est que sont les cookies ?<\/strong><\/h3>\n<div>Les cookies sont de petits fichiers texte qui servent \u00e0 stocker de petites informations. Ils sont stock\u00e9s sur votre appareil lorsque le site web est charg\u00e9 sur votre navigateur. Ces cookies nous aident \u00e0 faire fonctionner le site web correctement, \u00e0 le rendre plus s\u00fbr, \u00e0 offrir une meilleure exp\u00e9rience \u00e0 l\u2019utilisateur, \u00e0 comprendre les performances du site web et \u00e0 analyser ce qui fonctionne et ce qui doit \u00eatre am\u00e9lior\u00e9.<\/div>\n<h3> <\/h3>\n<h3><strong>Comment utilisons-nous les cookies ?<\/strong><\/h3>\n<div>Comme la plupart des services en ligne, notre site web utilise des cookies de premi\u00e8re partie et de tiers \u00e0 plusieurs fins. Les cookies de premi\u00e8re partie sont principalement n\u00e9cessaires au bon fonctionnement du site web et ne recueillent aucune de vos donn\u00e9es personnelles identifiables. Les cookies tiers utilis\u00e9s sur notre site web servent principalement \u00e0 comprendre le fonctionnement du site web, la mani\u00e8re dont vous interagissez avec notre site web, \u00e0 assurer la s\u00e9curit\u00e9 de nos services, \u00e0 fournir des publicit\u00e9s qui vous concernent et, dans l\u2019ensemble, \u00e0 vous offrir une exp\u00e9rience utilisateur meilleure et am\u00e9lior\u00e9e et \u00e0 acc\u00e9l\u00e9rer vos futures interactions avec notre site web.<\/div>\n<h3> <\/h3>\n<h3><strong>Quels types de cookies utilisons-nous ?<\/strong><\/h3>\n<div><strong>Essentiel :<\/strong> Certains cookies sont essentiels pour que vous puissiez profiter de toutes les fonctionnalit\u00e9s de notre site. Ils nous permettent de maintenir les sessions d\u2019utilisateurs et de pr\u00e9venir toute menace \u00e0 la s\u00e9curit\u00e9. Ils ne recueillent ni ne stockent aucune information personnelle. Par exemple, ces cookies vous permettent de vous connecter \u00e0 votre compte et d\u2019ajouter des produits \u00e0 votre panier, et de passer \u00e0 la caisse en toute s\u00e9curit\u00e9.<\/div>\n<div> <\/div>\n<div><strong>Statistiques :<\/strong> Ces cookies stockent des informations telles que le nombre de visiteurs du site web, le nombre de visiteurs uniques, les pages du site web qui ont \u00e9t\u00e9 visit\u00e9es, la source de la visite, etc. Ces donn\u00e9es nous aident \u00e0 comprendre et \u00e0 analyser les performances du site web et les points \u00e0 am\u00e9liorer.<\/div>\n<div> <\/div>\n<div><strong>Marketing :<\/strong> Notre site web affiche des publicit\u00e9s. Ces cookies sont utilis\u00e9s pour personnaliser les publicit\u00e9s que nous vous pr\u00e9sentons afin qu\u2019elles soient significatives pour vous. Ces cookies nous aident \u00e9galement \u00e0 suivre l\u2019efficacit\u00e9 de ces campagnes publicitaires. Les informations stock\u00e9es dans ces cookies peuvent \u00e9galement \u00eatre utilis\u00e9es par les fournisseurs de publicit\u00e9 tiers pour vous montrer des publicit\u00e9s sur d\u2019autres sites web sur le navigateur.<\/div>\n<div> <\/div>\n<div><strong>Fonctionnel :<\/strong> Ce sont les cookies qui permettent d\u2019utiliser certaines fonctionnalit\u00e9s non essentielles de notre site web. Ces fonctionnalit\u00e9s comprennent l\u2019int\u00e9gration de contenus tels que des vid\u00e9os ou le partage de contenus du site web sur des plateformes de m\u00e9dias sociaux.<\/div>\n<div> <\/div>\n<div><strong>Pr\u00e9f\u00e9rences :<\/strong> Ces cookies nous aident \u00e0 enregistrer vos param\u00e8tres et vos pr\u00e9f\u00e9rences de navigation, comme la langue, afin que vous puissiez profiter d\u2019une exp\u00e9rience plus efficace lors de vos prochaines visites sur le site web.<\/div>\n<\/div>\n<\/div>\n<\/div>\n<\/div>\n\t\t\t\t\t\t<\/div>\n\t\t\t\t<\/div>\n\t\t\t\t\t<\/div>\n\t\t<\/div>\n\t\t\t\t\t\t\t<\/div>\n\t\t<\/section>\n\t\t\t\t\t\t\t<\/div>\n\t\t","protected":false},"excerpt":{"rendered":"<p>COOKIES \u2013 Orava La pr\u00e9sente politique en mati\u00e8re de cookies explique ce que sont les cookies et comment nous les utilisons, les types de cookies que nous utilisons, c\u2019est-\u00e0-dire les informations que nous recueillons \u00e0 l\u2019aide de cookies et comment ces informations sont utilis\u00e9es, et comment contr\u00f4ler les pr\u00e9f\u00e9rences des cookies. Pour plus d\u2019informations sur [&hellip;]<\/p>\n","protected":false},"author":2,"featured_media":0,"parent":0,"menu_order":0,"comment_status":"closed","ping_status":"closed","template":"elementor_header_footer","meta":{"footnotes":""},"folder":[],"yoast_head":"<!-- This site is optimized with the Yoast SEO plugin v20.13 - https:\/\/yoast.com\/wordpress\/plugins\/seo\/ -->\n<title>Cookies - Orava | Field marketing<\/title>\n<meta name=\"robots\" content=\"index, follow, max-snippet:-1, max-image-preview:large, max-video-preview:-1\" \/>\n<link rel=\"canonical\" href=\"https:\/\/orava.lu\/lu-lu\/cookies\/\" \/>\n<meta property=\"og:locale\" content=\"en_US\" \/>\n<meta property=\"og:type\" content=\"article\" \/>\n<meta property=\"og:title\" content=\"Cookies - Orava | Field marketing\" \/>\n<meta property=\"og:description\" content=\"COOKIES \u2013 Orava La pr\u00e9sente politique en mati\u00e8re de cookies explique ce que sont les cookies et comment nous les utilisons, les types de cookies que nous utilisons, c\u2019est-\u00e0-dire les informations que nous recueillons \u00e0 l\u2019aide de cookies et comment ces informations sont utilis\u00e9es, et comment contr\u00f4ler les pr\u00e9f\u00e9rences des cookies. Pour plus d\u2019informations sur [&hellip;]\" \/>\n<meta property=\"og:url\" content=\"https:\/\/orava.lu\/lu-lu\/cookies\/\" \/>\n<meta property=\"og:site_name\" content=\"Orava | Field marketing\" \/>\n<meta property=\"article:publisher\" content=\"https:\/\/www.facebook.com\/orava2107\" \/>\n<meta property=\"article:modified_time\" content=\"2023-08-22T12:42:02+00:00\" \/>\n<meta name=\"twitter:card\" content=\"summary_large_image\" \/>\n<meta name=\"twitter:label1\" content=\"Est. reading time\" \/>\n\t<meta name=\"twitter:data1\" content=\"3 minutes\" \/>\n<script type=\"application\/ld+json\" class=\"yoast-schema-graph\">{\"@context\":\"https:\/\/schema.org\",\"@graph\":[{\"@type\":\"WebPage\",\"@id\":\"https:\/\/orava.lu\/lu-lu\/cookies\/\",\"url\":\"https:\/\/orava.lu\/lu-lu\/cookies\/\",\"name\":\"Cookies - Orava | Field marketing\",\"isPartOf\":{\"@id\":\"https:\/\/orava.lu\/lu-lu\/#website\"},\"datePublished\":\"2023-05-22T12:29:13+00:00\",\"dateModified\":\"2023-08-22T12:42:02+00:00\",\"breadcrumb\":{\"@id\":\"https:\/\/orava.lu\/lu-lu\/cookies\/#breadcrumb\"},\"inLanguage\":\"lu-LU\",\"potentialAction\":[{\"@type\":\"ReadAction\",\"target\":[\"https:\/\/orava.lu\/lu-lu\/cookies\/\"]}]},{\"@type\":\"BreadcrumbList\",\"@id\":\"https:\/\/orava.lu\/lu-lu\/cookies\/#breadcrumb\",\"itemListElement\":[{\"@type\":\"ListItem\",\"position\":1,\"name\":\"Accueil\",\"item\":\"https:\/\/orava.lu\/lu-lu\/\"},{\"@type\":\"ListItem\",\"position\":2,\"name\":\"Cookies\"}]},{\"@type\":\"WebSite\",\"@id\":\"https:\/\/orava.lu\/lu-lu\/#website\",\"url\":\"https:\/\/orava.lu\/lu-lu\/\",\"name\":\"Orava | Field marketing\",\"description\":\"\",\"publisher\":{\"@id\":\"https:\/\/orava.lu\/lu-lu\/#organization\"},\"potentialAction\":[{\"@type\":\"SearchAction\",\"target\":{\"@type\":\"EntryPoint\",\"urlTemplate\":\"https:\/\/orava.lu\/lu-lu\/?s={search_term_string}\"},\"query-input\":\"required name=search_term_string\"}],\"inLanguage\":\"lu-LU\"},{\"@type\":\"Organization\",\"@id\":\"https:\/\/orava.lu\/lu-lu\/#organization\",\"name\":\"Orava | Field marketing\",\"url\":\"https:\/\/orava.lu\/lu-lu\/\",\"logo\":{\"@type\":\"ImageObject\",\"inLanguage\":\"lu-LU\",\"@id\":\"https:\/\/orava.lu\/lu-lu\/#\/schema\/logo\/image\/\",\"url\":\"https:\/\/orava.lu\/wp-content\/uploads\/2023\/03\/final-logo-orava-field-marketing-luxembourg.svg\",\"contentUrl\":\"https:\/\/orava.lu\/wp-content\/uploads\/2023\/03\/final-logo-orava-field-marketing-luxembourg.svg\",\"width\":298,\"height\":121,\"caption\":\"Orava | Field marketing\"},\"image\":{\"@id\":\"https:\/\/orava.lu\/lu-lu\/#\/schema\/logo\/image\/\"},\"sameAs\":[\"https:\/\/www.facebook.com\/orava2107\"]}]}<\/script>\n<!-- \/ Yoast SEO plugin. -->","yoast_head_json":{"title":"Cookies - Orava | Field marketing","robots":{"index":"index","follow":"follow","max-snippet":"max-snippet:-1","max-image-preview":"max-image-preview:large","max-video-preview":"max-video-preview:-1"},"canonical":"https:\/\/orava.lu\/lu-lu\/cookies\/","og_locale":"en_US","og_type":"article","og_title":"Cookies - Orava | Field marketing","og_description":"COOKIES \u2013 Orava La pr\u00e9sente politique en mati\u00e8re de cookies explique ce que sont les cookies et comment nous les utilisons, les types de cookies que nous utilisons, c\u2019est-\u00e0-dire les informations que nous recueillons \u00e0 l\u2019aide de cookies et comment ces informations sont utilis\u00e9es, et comment contr\u00f4ler les pr\u00e9f\u00e9rences des cookies. Pour plus d\u2019informations sur [&hellip;]","og_url":"https:\/\/orava.lu\/lu-lu\/cookies\/","og_site_name":"Orava | Field marketing","article_publisher":"https:\/\/www.facebook.com\/orava2107","article_modified_time":"2023-08-22T12:42:02+00:00","twitter_card":"summary_large_image","twitter_misc":{"Est. reading time":"3 minutes"},"schema":{"@context":"https:\/\/schema.org","@graph":[{"@type":"WebPage","@id":"https:\/\/orava.lu\/lu-lu\/cookies\/","url":"https:\/\/orava.lu\/lu-lu\/cookies\/","name":"Cookies - Orava | Field marketing","isPartOf":{"@id":"https:\/\/orava.lu\/lu-lu\/#website"},"datePublished":"2023-05-22T12:29:13+00:00","dateModified":"2023-08-22T12:42:02+00:00","breadcrumb":{"@id":"https:\/\/orava.lu\/lu-lu\/cookies\/#breadcrumb"},"inLanguage":"lu-LU","potentialAction":[{"@type":"ReadAction","target":["https:\/\/orava.lu\/lu-lu\/cookies\/"]}]},{"@type":"BreadcrumbList","@id":"https:\/\/orava.lu\/lu-lu\/cookies\/#breadcrumb","itemListElement":[{"@type":"ListItem","position":1,"name":"Accueil","item":"https:\/\/orava.lu\/lu-lu\/"},{"@type":"ListItem","position":2,"name":"Cookies"}]},{"@type":"WebSite","@id":"https:\/\/orava.lu\/lu-lu\/#website","url":"https:\/\/orava.lu\/lu-lu\/","name":"Orava | Field marketing","description":"","publisher":{"@id":"https:\/\/orava.lu\/lu-lu\/#organization"},"potentialAction":[{"@type":"SearchAction","target":{"@type":"EntryPoint","urlTemplate":"https:\/\/orava.lu\/lu-lu\/?s={search_term_string}"},"query-input":"required name=search_term_string"}],"inLanguage":"lu-LU"},{"@type":"Organization","@id":"https:\/\/orava.lu\/lu-lu\/#organization","name":"Orava | Field marketing","url":"https:\/\/orava.lu\/lu-lu\/","logo":{"@type":"ImageObject","inLanguage":"lu-LU","@id":"https:\/\/orava.lu\/lu-lu\/#\/schema\/logo\/image\/","url":"https:\/\/orava.lu\/wp-content\/uploads\/2023\/03\/final-logo-orava-field-marketing-luxembourg.svg","contentUrl":"https:\/\/orava.lu\/wp-content\/uploads\/2023\/03\/final-logo-orava-field-marketing-luxembourg.svg","width":298,"height":121,"caption":"Orava | Field marketing"},"image":{"@id":"https:\/\/orava.lu\/lu-lu\/#\/schema\/logo\/image\/"},"sameAs":["https:\/\/www.facebook.com\/orava2107"]}]}},"_links":{"self":[{"href":"https:\/\/orava.lu\/lu-lu\/wp-json\/wp\/v2\/pages\/4423"}],"collection":[{"href":"https:\/\/orava.lu\/lu-lu\/wp-json\/wp\/v2\/pages"}],"about":[{"href":"https:\/\/orava.lu\/lu-lu\/wp-json\/wp\/v2\/types\/page"}],"author":[{"embeddable":true,"href":"https:\/\/orava.lu\/lu-lu\/wp-json\/wp\/v2\/users\/2"}],"replies":[{"embeddable":true,"href":"https:\/\/orava.lu\/lu-lu\/wp-json\/wp\/v2\/comments?post=4423"}],"version-history":[{"count":1,"href":"https:\/\/orava.lu\/lu-lu\/wp-json\/wp\/v2\/pages\/4423\/revisions"}],"predecessor-version":[{"id":4424,"href":"https:\/\/orava.lu\/lu-lu\/wp-json\/wp\/v2\/pages\/4423\/revisions\/4424"}],"wp:attachment":[{"href":"https:\/\/orava.lu\/lu-lu\/wp-json\/wp\/v2\/media?parent=4423"}],"wp:term":[{"taxonomy":"folder","embeddable":true,"href":"https:\/\/orava.lu\/lu-lu\/wp-json\/wp\/v2\/folder?post=4423"}],"curies":[{"name":"wp","href":"https:\/\/api.w.org\/{rel}","templated":true}]}}