
{"id":4415,"date":"2023-03-28T14:46:07","date_gmt":"2023-03-28T12:46:07","guid":{"rendered":"https:\/\/orava.lu\/iwwer-eis\/"},"modified":"2026-02-08T17:04:49","modified_gmt":"2026-02-08T16:04:49","slug":"iwwer-eis","status":"publish","type":"page","link":"https:\/\/orava.lu\/lu-lu\/iwwer-eis\/","title":{"rendered":"Iwwer eis"},"content":{"rendered":"\t\t<div data-elementor-type=\"wp-page\" data-elementor-id=\"4415\" class=\"elementor elementor-4415 elementor-28\" data-elementor-post-type=\"page\">\n\t\t\t\t\t\t\t\t\t<section class=\"elementor-section elementor-top-section elementor-element elementor-element-27d9ea0 elementor-section-height-min-height elementor-section-boxed elementor-section-height-default elementor-section-items-middle\" data-id=\"27d9ea0\" data-element_type=\"section\" data-settings=\"{&quot;background_background&quot;:&quot;classic&quot;}\">\n\t\t\t\t\t\t\t<div class=\"elementor-background-overlay\"><\/div>\n\t\t\t\t\t\t\t<div class=\"elementor-container elementor-column-gap-default\">\n\t\t\t\t\t<div class=\"elementor-column elementor-col-100 elementor-top-column elementor-element elementor-element-12cf108\" data-id=\"12cf108\" data-element_type=\"column\">\n\t\t\t<div class=\"elementor-widget-wrap elementor-element-populated\">\n\t\t\t\t\t\t\t\t<div class=\"elementor-element elementor-element-fec0c9d elementor-widget elementor-widget-heading\" data-id=\"fec0c9d\" data-element_type=\"widget\" data-widget_type=\"heading.default\">\n\t\t\t\t<div class=\"elementor-widget-container\">\n\t\t\t<style>\/*! elementor - v3.15.0 - 09-08-2023 *\/\n.elementor-heading-title{padding:0;margin:0;line-height:1}.elementor-widget-heading .elementor-heading-title[class*=elementor-size-]>a{color:inherit;font-size:inherit;line-height:inherit}.elementor-widget-heading .elementor-heading-title.elementor-size-small{font-size:15px}.elementor-widget-heading .elementor-heading-title.elementor-size-medium{font-size:19px}.elementor-widget-heading .elementor-heading-title.elementor-size-large{font-size:29px}.elementor-widget-heading .elementor-heading-title.elementor-size-xl{font-size:39px}.elementor-widget-heading .elementor-heading-title.elementor-size-xxl{font-size:59px}<\/style><h1 class=\"elementor-heading-title elementor-size-default\">Iwwer Orava<\/h1>\t\t<\/div>\n\t\t\t\t<\/div>\n\t\t\t\t\t<\/div>\n\t\t<\/div>\n\t\t\t\t\t\t\t<\/div>\n\t\t<\/section>\n\t\t\t\t<section class=\"elementor-section elementor-top-section elementor-element elementor-element-a3f7ee6 elementor-section-boxed elementor-section-height-default elementor-section-height-default\" data-id=\"a3f7ee6\" data-element_type=\"section\" data-settings=\"{&quot;background_background&quot;:&quot;classic&quot;}\">\n\t\t\t\t\t\t\t<div class=\"elementor-background-overlay\"><\/div>\n\t\t\t\t\t\t\t<div class=\"elementor-container elementor-column-gap-default\">\n\t\t\t\t\t<div class=\"elementor-column elementor-col-100 elementor-top-column elementor-element elementor-element-3f6133c\" data-id=\"3f6133c\" data-element_type=\"column\">\n\t\t\t<div class=\"elementor-widget-wrap elementor-element-populated\">\n\t\t\t\t\t\t\t\t<section class=\"elementor-section elementor-inner-section elementor-element elementor-element-cf45a96 elementor-section-boxed elementor-section-height-default elementor-section-height-default\" data-id=\"cf45a96\" data-element_type=\"section\">\n\t\t\t\t\t\t<div class=\"elementor-container elementor-column-gap-default\">\n\t\t\t\t\t<div class=\"elementor-column elementor-col-50 elementor-inner-column elementor-element elementor-element-e7d43e2\" data-id=\"e7d43e2\" data-element_type=\"column\">\n\t\t\t<div class=\"elementor-widget-wrap elementor-element-populated\">\n\t\t\t\t\t\t\t\t<div class=\"elementor-element elementor-element-a370cf1 elementor-widget elementor-widget-heading\" data-id=\"a370cf1\" data-element_type=\"widget\" data-widget_type=\"heading.default\">\n\t\t\t\t<div class=\"elementor-widget-container\">\n\t\t\t<h2 class=\"elementor-heading-title elementor-size-default\">Field- an Eventagence<\/h2>\t\t<\/div>\n\t\t\t\t<\/div>\n\t\t\t\t\t<\/div>\n\t\t<\/div>\n\t\t\t\t<div class=\"elementor-column elementor-col-50 elementor-inner-column elementor-element elementor-element-0d6db89\" data-id=\"0d6db89\" data-element_type=\"column\">\n\t\t\t<div class=\"elementor-widget-wrap elementor-element-populated\">\n\t\t\t\t\t\t\t\t<div class=\"elementor-element elementor-element-abe5d20 elementor-widget-divider--view-line elementor-widget elementor-widget-divider\" data-id=\"abe5d20\" data-element_type=\"widget\" data-widget_type=\"divider.default\">\n\t\t\t\t<div class=\"elementor-widget-container\">\n\t\t\t<style>\/*! elementor - v3.15.0 - 09-08-2023 *\/\n.elementor-widget-divider{--divider-border-style:none;--divider-border-width:1px;--divider-color:#0c0d0e;--divider-icon-size:20px;--divider-element-spacing:10px;--divider-pattern-height:24px;--divider-pattern-size:20px;--divider-pattern-url:none;--divider-pattern-repeat:repeat-x}.elementor-widget-divider .elementor-divider{display:flex}.elementor-widget-divider .elementor-divider__text{font-size:15px;line-height:1;max-width:95%}.elementor-widget-divider .elementor-divider__element{margin:0 var(--divider-element-spacing);flex-shrink:0}.elementor-widget-divider .elementor-icon{font-size:var(--divider-icon-size)}.elementor-widget-divider .elementor-divider-separator{display:flex;margin:0;direction:ltr}.elementor-widget-divider--view-line_icon .elementor-divider-separator,.elementor-widget-divider--view-line_text .elementor-divider-separator{align-items:center}.elementor-widget-divider--view-line_icon .elementor-divider-separator:after,.elementor-widget-divider--view-line_icon .elementor-divider-separator:before,.elementor-widget-divider--view-line_text .elementor-divider-separator:after,.elementor-widget-divider--view-line_text .elementor-divider-separator:before{display:block;content:\"\";border-bottom:0;flex-grow:1;border-top:var(--divider-border-width) var(--divider-border-style) var(--divider-color)}.elementor-widget-divider--element-align-left .elementor-divider .elementor-divider-separator>.elementor-divider__svg:first-of-type{flex-grow:0;flex-shrink:100}.elementor-widget-divider--element-align-left .elementor-divider-separator:before{content:none}.elementor-widget-divider--element-align-left .elementor-divider__element{margin-left:0}.elementor-widget-divider--element-align-right .elementor-divider .elementor-divider-separator>.elementor-divider__svg:last-of-type{flex-grow:0;flex-shrink:100}.elementor-widget-divider--element-align-right .elementor-divider-separator:after{content:none}.elementor-widget-divider--element-align-right .elementor-divider__element{margin-right:0}.elementor-widget-divider:not(.elementor-widget-divider--view-line_text):not(.elementor-widget-divider--view-line_icon) .elementor-divider-separator{border-top:var(--divider-border-width) var(--divider-border-style) var(--divider-color)}.elementor-widget-divider--separator-type-pattern{--divider-border-style:none}.elementor-widget-divider--separator-type-pattern.elementor-widget-divider--view-line .elementor-divider-separator,.elementor-widget-divider--separator-type-pattern:not(.elementor-widget-divider--view-line) .elementor-divider-separator:after,.elementor-widget-divider--separator-type-pattern:not(.elementor-widget-divider--view-line) .elementor-divider-separator:before,.elementor-widget-divider--separator-type-pattern:not([class*=elementor-widget-divider--view]) .elementor-divider-separator{width:100%;min-height:var(--divider-pattern-height);-webkit-mask-size:var(--divider-pattern-size) 100%;mask-size:var(--divider-pattern-size) 100%;-webkit-mask-repeat:var(--divider-pattern-repeat);mask-repeat:var(--divider-pattern-repeat);background-color:var(--divider-color);-webkit-mask-image:var(--divider-pattern-url);mask-image:var(--divider-pattern-url)}.elementor-widget-divider--no-spacing{--divider-pattern-size:auto}.elementor-widget-divider--bg-round{--divider-pattern-repeat:round}.rtl .elementor-widget-divider .elementor-divider__text{direction:rtl}.e-con-inner>.elementor-widget-divider,.e-con>.elementor-widget-divider{width:var(--container-widget-width,100%);--flex-grow:var(--container-widget-flex-grow)}<\/style>\t\t<div class=\"elementor-divider\">\n\t\t\t<span class=\"elementor-divider-separator\">\n\t\t\t\t\t\t<\/span>\n\t\t<\/div>\n\t\t\t\t<\/div>\n\t\t\t\t<\/div>\n\t\t\t\t\t<\/div>\n\t\t<\/div>\n\t\t\t\t\t\t\t<\/div>\n\t\t<\/section>\n\t\t\t\t<div class=\"elementor-element elementor-element-a7c4edc animated-fast elementor-invisible elementor-widget elementor-widget-text-editor\" data-id=\"a7c4edc\" data-element_type=\"widget\" data-settings=\"{&quot;_animation&quot;:&quot;slideInUp&quot;}\" data-widget_type=\"text-editor.default\">\n\t\t\t\t<div class=\"elementor-widget-container\">\n\t\t\t<style>\/*! elementor - v3.15.0 - 09-08-2023 *\/\n.elementor-widget-text-editor.elementor-drop-cap-view-stacked .elementor-drop-cap{background-color:#69727d;color:#fff}.elementor-widget-text-editor.elementor-drop-cap-view-framed .elementor-drop-cap{color:#69727d;border:3px solid;background-color:transparent}.elementor-widget-text-editor:not(.elementor-drop-cap-view-default) .elementor-drop-cap{margin-top:8px}.elementor-widget-text-editor:not(.elementor-drop-cap-view-default) .elementor-drop-cap-letter{width:1em;height:1em}.elementor-widget-text-editor .elementor-drop-cap{float:left;text-align:center;line-height:1;font-size:50px}.elementor-widget-text-editor .elementor-drop-cap-letter{display:inline-block}<\/style>\t\t\t\t<p>Orava k\u00ebnnt aus dem Finneschen a bedeit \u201eKaweechelchen\u201c. Kaweechelcher sinn dynamesch, fl\u00e4isseg a kommunikativ D\u00e9iere mat der Kompetenz, L\u00e9isunge fir schwiereg Situatiounen ze fannen an der F\u00e4egkeet \u201ehaart N\u00ebss ze knacken\u201c.<\/p>\n\t\t\t\t\t\t<\/div>\n\t\t\t\t<\/div>\n\t\t\t\t<div class=\"elementor-element elementor-element-e02eec7 animated-fast elementor-invisible elementor-widget elementor-widget-text-editor\" data-id=\"e02eec7\" data-element_type=\"widget\" data-settings=\"{&quot;_animation&quot;:&quot;slideInUp&quot;}\" data-widget_type=\"text-editor.default\">\n\t\t\t\t<div class=\"elementor-widget-container\">\n\t\t\t\t\t\t\t<p>D\u2019Kaweechelchen ass vu Natur aus virw\u00ebtzeg, interess\u00e9iert sech fir alles a beweist Afallr\u00e4ichtum fir seng Ziler ze erreechen. W\u00e9i mir spillen sinn eng ganz wichteg Roll an hirem \u00d6kosystem, si sinn ee wichtege \u201eVerm\u00ebttler\u201c.<\/p>\n\t\t\t\t\t\t<\/div>\n\t\t\t\t<\/div>\n\t\t\t\t<div class=\"elementor-element elementor-element-252af0c animated-fast elementor-invisible elementor-widget elementor-widget-text-editor\" data-id=\"252af0c\" data-element_type=\"widget\" data-settings=\"{&quot;_animation&quot;:&quot;slideInUp&quot;}\" data-widget_type=\"text-editor.default\">\n\t\t\t\t<div class=\"elementor-widget-container\">\n\t\t\t\t\t\t\t<p>D\u00ebst spigelt sech och an eiser Agence er\u00ebm a g\u00ebtt eis d\u2019Motivatioun, d\u00e9i perfekt L\u00e9isung fir eis Clienten ze fannen.<\/p>\n\t\t\t\t\t\t<\/div>\n\t\t\t\t<\/div>\n\t\t\t\t<div class=\"elementor-element elementor-element-70d4636 animated-fast elementor-invisible elementor-widget elementor-widget-text-editor\" data-id=\"70d4636\" data-element_type=\"widget\" data-settings=\"{&quot;_animation&quot;:&quot;slideInUp&quot;}\" data-widget_type=\"text-editor.default\">\n\t\t\t\t<div class=\"elementor-widget-container\">\n\t\t\t\t\t\t\t<p>Orava ass eng Agence,d\u00e9i sech op Event- a Fieldmarketing spezialis\u00e9iert huet. D\u2019Agence gouf am Januar 2017 gegr\u00ebnnt a g\u00ebtt s\u00e4itdeem, vu Patrick Hellenbrand geleet, deen iwwer 8 Joer Beruffserfarung an der Organisatioun vun Eventer an der Vermaartung vu neie Produiten huet.<\/p>\n\t\t\t\t\t\t<\/div>\n\t\t\t\t<\/div>\n\t\t\t\t<div class=\"elementor-element elementor-element-1eefcbe pp-icon-right pp-icon-list-traditional elementor-list-item-link-inline elementor-widget elementor-widget-pp-icon-list\" data-id=\"1eefcbe\" data-element_type=\"widget\" data-widget_type=\"pp-icon-list.default\">\n\t\t\t\t<div class=\"elementor-widget-container\">\n\t\t\t\t\t<div class=\"pp-list-container\">\n\t\t\t<ul class=\"pp-list-items\">\n\t\t\t\t\t\t\t\t\t\t\t\t\t\t\t\t\t\t\t\t\t<li class=\"pp-icon-list-item\">\n\t\t\t\t\t\t\t\t\t\t<span class=\"pp-icon-wrapper\">\n\t\t\t\t\t\t\t\t\t\t<span class=\"pp-icon-list-icon pp-icon \">\n\t\t\t\t\t\t<svg xmlns=\"http:\/\/www.w3.org\/2000\/svg\" id=\"Capa_1\" height=\"512\" viewBox=\"0 0 460.702 460.702\" width=\"512\"><g><path d=\"m316.608 121.805c-8.937-9.037-23.499-9.151-32.576-.254l-170.268 168.282-74.017-76.626c-8.828-9.201-23.443-9.503-32.643-.675-9.201 8.828-9.503 23.443-.675 32.643.04.041.079.082.119.123l90.248 93.526c4.319 4.406 10.222 6.901 16.392 6.926h.254c6.053-.019 11.857-2.415 16.161-6.672l186.797-184.697c9.025-8.95 9.117-23.511.208-32.576z\"><\/path><path d=\"m235.318 338.824c4.308 4.395 10.192 6.888 16.346 6.926h.254c6.053-.019 11.857-2.415 16.161-6.672l186.798-184.697c8.467-9.534 7.602-24.126-1.931-32.593-8.643-7.676-21.63-7.777-30.391-.237l-170.199 168.282-6.072-6.303c-8.827-9.201-23.442-9.504-32.643-.676-9.201 8.827-9.504 23.442-.676 32.643.04.042.08.083.12.124z\"><\/path><\/g><\/svg><\/span>\t\t\t<\/span>\n\t\t\t\t\t\t\t\t\t\t<span class=\"pp-icon-list-text\">\n\t\t\t\t\t\t\t\t10:30\t\t\t\t\t\t\t<\/span>\n\t\t\t\t\t\t\t\t\t\t\t\t\t<\/li>\n\t\t\t\t\t\t\t\t\t\t\t\t\t<\/ul>\n\t\t<\/div>\n\t\t\t\t<\/div>\n\t\t\t\t<\/div>\n\t\t\t\t\t<\/div>\n\t\t<\/div>\n\t\t\t\t\t\t\t<\/div>\n\t\t<\/section>\n\t\t\t\t\t\t\t<\/div>\n\t\t","protected":false},"excerpt":{"rendered":"<p>Iwwer Orava Field- an Eventagence Orava k\u00ebnnt aus dem Finneschen a bedeit \u201eKaweechelchen\u201c. Kaweechelcher sinn dynamesch, fl\u00e4isseg a kommunikativ D\u00e9iere mat der Kompetenz, L\u00e9isunge fir schwiereg Situatiounen ze fannen an der F\u00e4egkeet \u201ehaart N\u00ebss ze knacken\u201c. D\u2019Kaweechelchen ass vu Natur aus virw\u00ebtzeg, interess\u00e9iert sech fir alles a beweist Afallr\u00e4ichtum fir seng Ziler ze erreechen. W\u00e9i [&hellip;]<\/p>\n","protected":false},"author":1,"featured_media":0,"parent":0,"menu_order":0,"comment_status":"closed","ping_status":"closed","template":"elementor_header_footer","meta":{"footnotes":""},"folder":[],"yoast_head":"<!-- This site is optimized with the Yoast SEO plugin v20.13 - https:\/\/yoast.com\/wordpress\/plugins\/seo\/ -->\n<title>Iwwer eis - Orava | Field marketing<\/title>\n<meta name=\"robots\" content=\"index, follow, max-snippet:-1, max-image-preview:large, max-video-preview:-1\" \/>\n<link rel=\"canonical\" href=\"https:\/\/orava.lu\/lu-lu\/iwwer-eis\/\" \/>\n<meta property=\"og:locale\" content=\"en_US\" \/>\n<meta property=\"og:type\" content=\"article\" \/>\n<meta property=\"og:title\" content=\"Iwwer eis - Orava | Field marketing\" \/>\n<meta property=\"og:description\" content=\"Iwwer Orava Field- an Eventagence Orava k\u00ebnnt aus dem Finneschen a bedeit \u201eKaweechelchen\u201c. Kaweechelcher sinn dynamesch, fl\u00e4isseg a kommunikativ D\u00e9iere mat der Kompetenz, L\u00e9isunge fir schwiereg Situatiounen ze fannen an der F\u00e4egkeet \u201ehaart N\u00ebss ze knacken\u201c. D\u2019Kaweechelchen ass vu Natur aus virw\u00ebtzeg, interess\u00e9iert sech fir alles a beweist Afallr\u00e4ichtum fir seng Ziler ze erreechen. W\u00e9i [&hellip;]\" \/>\n<meta property=\"og:url\" content=\"https:\/\/orava.lu\/lu-lu\/iwwer-eis\/\" \/>\n<meta property=\"og:site_name\" content=\"Orava | Field marketing\" \/>\n<meta property=\"article:publisher\" content=\"https:\/\/www.facebook.com\/orava2107\" \/>\n<meta property=\"article:modified_time\" content=\"2026-02-08T16:04:49+00:00\" \/>\n<meta name=\"twitter:card\" content=\"summary_large_image\" \/>\n<meta name=\"twitter:label1\" content=\"Est. reading time\" \/>\n\t<meta name=\"twitter:data1\" content=\"1 minute\" \/>\n<script type=\"application\/ld+json\" class=\"yoast-schema-graph\">{\"@context\":\"https:\/\/schema.org\",\"@graph\":[{\"@type\":\"WebPage\",\"@id\":\"https:\/\/orava.lu\/lu-lu\/iwwer-eis\/\",\"url\":\"https:\/\/orava.lu\/lu-lu\/iwwer-eis\/\",\"name\":\"Iwwer eis - Orava | Field marketing\",\"isPartOf\":{\"@id\":\"https:\/\/orava.lu\/lu-lu\/#website\"},\"datePublished\":\"2023-03-28T12:46:07+00:00\",\"dateModified\":\"2026-02-08T16:04:49+00:00\",\"breadcrumb\":{\"@id\":\"https:\/\/orava.lu\/lu-lu\/iwwer-eis\/#breadcrumb\"},\"inLanguage\":\"lu-LU\",\"potentialAction\":[{\"@type\":\"ReadAction\",\"target\":[\"https:\/\/orava.lu\/lu-lu\/iwwer-eis\/\"]}]},{\"@type\":\"BreadcrumbList\",\"@id\":\"https:\/\/orava.lu\/lu-lu\/iwwer-eis\/#breadcrumb\",\"itemListElement\":[{\"@type\":\"ListItem\",\"position\":1,\"name\":\"Accueil\",\"item\":\"https:\/\/orava.lu\/lu-lu\/\"},{\"@type\":\"ListItem\",\"position\":2,\"name\":\"Iwwer eis\"}]},{\"@type\":\"WebSite\",\"@id\":\"https:\/\/orava.lu\/lu-lu\/#website\",\"url\":\"https:\/\/orava.lu\/lu-lu\/\",\"name\":\"Orava | Field marketing\",\"description\":\"\",\"publisher\":{\"@id\":\"https:\/\/orava.lu\/lu-lu\/#organization\"},\"potentialAction\":[{\"@type\":\"SearchAction\",\"target\":{\"@type\":\"EntryPoint\",\"urlTemplate\":\"https:\/\/orava.lu\/lu-lu\/?s={search_term_string}\"},\"query-input\":\"required name=search_term_string\"}],\"inLanguage\":\"lu-LU\"},{\"@type\":\"Organization\",\"@id\":\"https:\/\/orava.lu\/lu-lu\/#organization\",\"name\":\"Orava | Field marketing\",\"url\":\"https:\/\/orava.lu\/lu-lu\/\",\"logo\":{\"@type\":\"ImageObject\",\"inLanguage\":\"lu-LU\",\"@id\":\"https:\/\/orava.lu\/lu-lu\/#\/schema\/logo\/image\/\",\"url\":\"https:\/\/orava.lu\/wp-content\/uploads\/2023\/03\/final-logo-orava-field-marketing-luxembourg.svg\",\"contentUrl\":\"https:\/\/orava.lu\/wp-content\/uploads\/2023\/03\/final-logo-orava-field-marketing-luxembourg.svg\",\"width\":298,\"height\":121,\"caption\":\"Orava | Field marketing\"},\"image\":{\"@id\":\"https:\/\/orava.lu\/lu-lu\/#\/schema\/logo\/image\/\"},\"sameAs\":[\"https:\/\/www.facebook.com\/orava2107\"]}]}<\/script>\n<!-- \/ Yoast SEO plugin. -->","yoast_head_json":{"title":"Iwwer eis - Orava | Field marketing","robots":{"index":"index","follow":"follow","max-snippet":"max-snippet:-1","max-image-preview":"max-image-preview:large","max-video-preview":"max-video-preview:-1"},"canonical":"https:\/\/orava.lu\/lu-lu\/iwwer-eis\/","og_locale":"en_US","og_type":"article","og_title":"Iwwer eis - Orava | Field marketing","og_description":"Iwwer Orava Field- an Eventagence Orava k\u00ebnnt aus dem Finneschen a bedeit \u201eKaweechelchen\u201c. Kaweechelcher sinn dynamesch, fl\u00e4isseg a kommunikativ D\u00e9iere mat der Kompetenz, L\u00e9isunge fir schwiereg Situatiounen ze fannen an der F\u00e4egkeet \u201ehaart N\u00ebss ze knacken\u201c. D\u2019Kaweechelchen ass vu Natur aus virw\u00ebtzeg, interess\u00e9iert sech fir alles a beweist Afallr\u00e4ichtum fir seng Ziler ze erreechen. W\u00e9i [&hellip;]","og_url":"https:\/\/orava.lu\/lu-lu\/iwwer-eis\/","og_site_name":"Orava | Field marketing","article_publisher":"https:\/\/www.facebook.com\/orava2107","article_modified_time":"2026-02-08T16:04:49+00:00","twitter_card":"summary_large_image","twitter_misc":{"Est. reading time":"1 minute"},"schema":{"@context":"https:\/\/schema.org","@graph":[{"@type":"WebPage","@id":"https:\/\/orava.lu\/lu-lu\/iwwer-eis\/","url":"https:\/\/orava.lu\/lu-lu\/iwwer-eis\/","name":"Iwwer eis - Orava | Field marketing","isPartOf":{"@id":"https:\/\/orava.lu\/lu-lu\/#website"},"datePublished":"2023-03-28T12:46:07+00:00","dateModified":"2026-02-08T16:04:49+00:00","breadcrumb":{"@id":"https:\/\/orava.lu\/lu-lu\/iwwer-eis\/#breadcrumb"},"inLanguage":"lu-LU","potentialAction":[{"@type":"ReadAction","target":["https:\/\/orava.lu\/lu-lu\/iwwer-eis\/"]}]},{"@type":"BreadcrumbList","@id":"https:\/\/orava.lu\/lu-lu\/iwwer-eis\/#breadcrumb","itemListElement":[{"@type":"ListItem","position":1,"name":"Accueil","item":"https:\/\/orava.lu\/lu-lu\/"},{"@type":"ListItem","position":2,"name":"Iwwer eis"}]},{"@type":"WebSite","@id":"https:\/\/orava.lu\/lu-lu\/#website","url":"https:\/\/orava.lu\/lu-lu\/","name":"Orava | Field marketing","description":"","publisher":{"@id":"https:\/\/orava.lu\/lu-lu\/#organization"},"potentialAction":[{"@type":"SearchAction","target":{"@type":"EntryPoint","urlTemplate":"https:\/\/orava.lu\/lu-lu\/?s={search_term_string}"},"query-input":"required name=search_term_string"}],"inLanguage":"lu-LU"},{"@type":"Organization","@id":"https:\/\/orava.lu\/lu-lu\/#organization","name":"Orava | Field marketing","url":"https:\/\/orava.lu\/lu-lu\/","logo":{"@type":"ImageObject","inLanguage":"lu-LU","@id":"https:\/\/orava.lu\/lu-lu\/#\/schema\/logo\/image\/","url":"https:\/\/orava.lu\/wp-content\/uploads\/2023\/03\/final-logo-orava-field-marketing-luxembourg.svg","contentUrl":"https:\/\/orava.lu\/wp-content\/uploads\/2023\/03\/final-logo-orava-field-marketing-luxembourg.svg","width":298,"height":121,"caption":"Orava | Field marketing"},"image":{"@id":"https:\/\/orava.lu\/lu-lu\/#\/schema\/logo\/image\/"},"sameAs":["https:\/\/www.facebook.com\/orava2107"]}]}},"_links":{"self":[{"href":"https:\/\/orava.lu\/lu-lu\/wp-json\/wp\/v2\/pages\/4415"}],"collection":[{"href":"https:\/\/orava.lu\/lu-lu\/wp-json\/wp\/v2\/pages"}],"about":[{"href":"https:\/\/orava.lu\/lu-lu\/wp-json\/wp\/v2\/types\/page"}],"author":[{"embeddable":true,"href":"https:\/\/orava.lu\/lu-lu\/wp-json\/wp\/v2\/users\/1"}],"replies":[{"embeddable":true,"href":"https:\/\/orava.lu\/lu-lu\/wp-json\/wp\/v2\/comments?post=4415"}],"version-history":[{"count":4,"href":"https:\/\/orava.lu\/lu-lu\/wp-json\/wp\/v2\/pages\/4415\/revisions"}],"predecessor-version":[{"id":5381,"href":"https:\/\/orava.lu\/lu-lu\/wp-json\/wp\/v2\/pages\/4415\/revisions\/5381"}],"wp:attachment":[{"href":"https:\/\/orava.lu\/lu-lu\/wp-json\/wp\/v2\/media?parent=4415"}],"wp:term":[{"taxonomy":"folder","embeddable":true,"href":"https:\/\/orava.lu\/lu-lu\/wp-json\/wp\/v2\/folder?post=4415"}],"curies":[{"name":"wp","href":"https:\/\/api.w.org\/{rel}","templated":true}]}}