
{"id":4044,"date":"2023-05-22T14:29:13","date_gmt":"2023-05-22T12:29:13","guid":{"rendered":"https:\/\/orava.lu\/cookie-richtlinie\/"},"modified":"2023-08-16T16:05:40","modified_gmt":"2023-08-16T14:05:40","slug":"cookie-richtlinie","status":"publish","type":"page","link":"https:\/\/orava.lu\/de\/cookie-richtlinie\/","title":{"rendered":"Cookie-Richtlinie"},"content":{"rendered":"\t\t<div data-elementor-type=\"wp-page\" data-elementor-id=\"4044\" class=\"elementor elementor-4044 elementor-1177\" data-elementor-post-type=\"page\">\n\t\t\t\t\t\t\t\t\t<section class=\"elementor-section elementor-top-section elementor-element elementor-element-c166bf1 elementor-section-boxed elementor-section-height-default elementor-section-height-default\" data-id=\"c166bf1\" data-element_type=\"section\">\n\t\t\t\t\t\t<div class=\"elementor-container elementor-column-gap-default\">\n\t\t\t\t\t<div class=\"elementor-column elementor-col-100 elementor-top-column elementor-element elementor-element-269265d\" data-id=\"269265d\" data-element_type=\"column\">\n\t\t\t<div class=\"elementor-widget-wrap elementor-element-populated\">\n\t\t\t\t\t\t\t\t<div class=\"elementor-element elementor-element-293c019 elementor-widget elementor-widget-heading\" data-id=\"293c019\" data-element_type=\"widget\" data-widget_type=\"heading.default\">\n\t\t\t\t<div class=\"elementor-widget-container\">\n\t\t\t<style>\/*! elementor - v3.15.0 - 09-08-2023 *\/\n.elementor-heading-title{padding:0;margin:0;line-height:1}.elementor-widget-heading .elementor-heading-title[class*=elementor-size-]>a{color:inherit;font-size:inherit;line-height:inherit}.elementor-widget-heading .elementor-heading-title.elementor-size-small{font-size:15px}.elementor-widget-heading .elementor-heading-title.elementor-size-medium{font-size:19px}.elementor-widget-heading .elementor-heading-title.elementor-size-large{font-size:29px}.elementor-widget-heading .elementor-heading-title.elementor-size-xl{font-size:39px}.elementor-widget-heading .elementor-heading-title.elementor-size-xxl{font-size:59px}<\/style><h1 class=\"elementor-heading-title elementor-size-default\">COOKIES-POLITIK - Orava<\/h1>\t\t<\/div>\n\t\t\t\t<\/div>\n\t\t\t\t\t<\/div>\n\t\t<\/div>\n\t\t\t\t\t\t\t<\/div>\n\t\t<\/section>\n\t\t\t\t<section class=\"elementor-section elementor-top-section elementor-element elementor-element-16dba9d elementor-section-boxed elementor-section-height-default elementor-section-height-default\" data-id=\"16dba9d\" data-element_type=\"section\">\n\t\t\t\t\t\t<div class=\"elementor-container elementor-column-gap-default\">\n\t\t\t\t\t<div class=\"elementor-column elementor-col-100 elementor-top-column elementor-element elementor-element-55ed742\" data-id=\"55ed742\" data-element_type=\"column\">\n\t\t\t<div class=\"elementor-widget-wrap elementor-element-populated\">\n\t\t\t\t\t\t\t\t<div class=\"elementor-element elementor-element-f2bcb36 elementor-widget elementor-widget-text-editor\" data-id=\"f2bcb36\" data-element_type=\"widget\" data-widget_type=\"text-editor.default\">\n\t\t\t\t<div class=\"elementor-widget-container\">\n\t\t\t<style>\/*! elementor - v3.15.0 - 09-08-2023 *\/\n.elementor-widget-text-editor.elementor-drop-cap-view-stacked .elementor-drop-cap{background-color:#69727d;color:#fff}.elementor-widget-text-editor.elementor-drop-cap-view-framed .elementor-drop-cap{color:#69727d;border:3px solid;background-color:transparent}.elementor-widget-text-editor:not(.elementor-drop-cap-view-default) .elementor-drop-cap{margin-top:8px}.elementor-widget-text-editor:not(.elementor-drop-cap-view-default) .elementor-drop-cap-letter{width:1em;height:1em}.elementor-widget-text-editor .elementor-drop-cap{float:left;text-align:center;line-height:1;font-size:50px}.elementor-widget-text-editor .elementor-drop-cap-letter{display:inline-block}<\/style>\t\t\t\t<div class=\"elementor-element elementor-element-07f4a13 elementor-widget elementor-widget-heading\" data-id=\"07f4a13\" data-element_type=\"widget\" data-widget_type=\"heading.default\">\n<div class=\"elementor-widget-container\">\n<div class=\"elementor-element elementor-element-07f4a13 elementor-widget elementor-widget-heading\" data-id=\"07f4a13\" data-element_type=\"widget\" data-widget_type=\"heading.default\">\n<div class=\"elementor-widget-container\">\n<div>Diese Cookie-Richtlinie erkl\u00e4rt, was Cookies sind und wie wir sie verwenden, welche Arten von Cookies wir verwenden, d. h. welche Informationen wir mithilfe von Cookies sammeln und wie diese Informationen verwendet werden, und wie Sie die Cookie-Einstellungen steuern k\u00f6nnen. Weitere Informationen dar\u00fcber, wie wir Ihre pers\u00f6nlichen Daten verwenden, speichern und sch\u00fctzen, finden Sie in unserer Datenschutzrichtlinie. Sie k\u00f6nnen Ihre Zustimmung zur Cookie-Erkl\u00e4rung auf unserer Website jederzeit \u00e4ndern oder widerrufen. Weitere Informationen dar\u00fcber, wer wir sind, wie Sie uns kontaktieren k\u00f6nnen und wie wir mit pers\u00f6nlichen Daten umgehen, finden Sie in unserer Datenschutzrichtlinie. Ihre Einwilligung gilt f\u00fcr folgende Bereiche : <strong><a href=\"https:\/\/orava.lu\" target=\"_blank\" rel=\"noopener\">orava.lu<\/a><\/strong><\/div>\n<h3> <\/h3>\n<h3><strong>Was sind Cookies?<\/strong><\/h3>\n<div>Cookies sind kleine Textdateien, die dazu dienen, kleine Informationen zu speichern. Sie werden auf Ihrem Ger\u00e4t gespeichert, wenn die Website in Ihren Browser geladen wird. Diese Cookies helfen uns dabei, die Website ordnungsgem\u00e4\u00df zu betreiben, sie sicherer zu machen, dem Nutzer eine bessere Erfahrung zu bieten, die Leistung der Website zu verstehen und zu analysieren, was funktioniert und was verbessert werden muss.<\/div>\n<h3> <\/h3>\n<h3><strong>Wie verwenden wir Cookies?<\/strong><\/h3>\n<div>Wie die meisten Online-Dienste verwendet unsere Website First-Party- und Third-Party-Cookies f\u00fcr verschiedene Zwecke. First-Party-Cookies sind haupts\u00e4chlich f\u00fcr das Funktionieren der Website erforderlich und sammeln keine Ihrer pers\u00f6nlich identifizierbaren Daten. Die auf unserer Website verwendeten Cookies von Drittanbietern dienen in erster Linie dazu, zu verstehen, wie die Website funktioniert, wie Sie mit unserer Website interagieren, die Sicherheit unserer Dienste zu gew\u00e4hrleisten, Werbung zu liefern, die f\u00fcr Sie relevant ist, und insgesamt dazu, Ihnen eine bessere und verbesserte Nutzererfahrung zu bieten und Ihre zuk\u00fcnftigen Interaktionen mit unserer Website zu beschleunigen.<\/div>\n<h3> <\/h3>\n<h3><strong>Welche Arten von Cookies verwenden wir?<\/strong><\/h3>\n<div><strong>Essentiel :<\/strong> Einige Cookies sind wichtig, damit Sie alle Funktionen unserer Website nutzen k\u00f6nnen. Sie erm\u00f6glichen uns die Aufrechterhaltung von Benutzersitzungen und die Verhinderung von Sicherheitsbedrohungen. Sie sammeln oder speichern keine pers\u00f6nlichen Informationen. Diese Cookies erm\u00f6glichen es Ihnen beispielsweise, sich in Ihr Konto einzuloggen, Produkte in Ihren Warenkorb zu legen und sicher zur Kasse zu gehen.<\/div>\n<div> <\/div>\n<div><strong>Statistiques :<\/strong> Diese Cookies speichern Informationen wie die Anzahl der Besucher der Website, die Anzahl der eindeutigen Besucher, die Seiten der Website, die besucht wurden, die Quelle des Besuchs etc. Diese Daten helfen uns zu verstehen und zu analysieren, wie die Website funktioniert und wo wir uns verbessern m\u00fcssen.<\/div>\n<div> <\/div>\n<div><strong>Marketing :<\/strong> Auf unserer Website werden Werbeanzeigen eingeblendet. Diese Cookies werden verwendet, um die Werbung, die wir Ihnen zeigen, so anzupassen, dass sie f\u00fcr Sie bedeutsam ist. Diese Cookies helfen uns auch dabei, die Wirksamkeit dieser Werbekampagnen zu verfolgen. Die in diesen Cookies gespeicherten Informationen k\u00f6nnen auch von Drittanbietern von Werbung verwendet werden, um Ihnen Werbung auf anderen Webseiten im Browser anzuzeigen.<\/div>\n<div> <\/div>\n<div><strong>Fonctionnel :<\/strong> Dies sind Cookies, die es erm\u00f6glichen, bestimmte nicht unbedingt erforderliche Funktionen unserer Website zu nutzen.. Diese Funktionen umfassen die Einbindung von Inhalten wie Videos oder das Teilen von Inhalten der Website auf Social-Media-Plattformen.<\/div>\n<div> <\/div>\n<div><strong>Pr\u00e9f\u00e9rences :<\/strong> Diese Cookies helfen uns dabei, Ihre Einstellungen und Browserpr\u00e4ferenzen, wie z. B. die Sprache, zu speichern, damit Sie bei Ihren n\u00e4chsten Besuchen auf der Website eine bessere Erfahrung machen k\u00f6nnen.<\/div>\n<\/div>\n<\/div>\n<\/div>\n<\/div>\n\t\t\t\t\t\t<\/div>\n\t\t\t\t<\/div>\n\t\t\t\t\t<\/div>\n\t\t<\/div>\n\t\t\t\t\t\t\t<\/div>\n\t\t<\/section>\n\t\t\t\t\t\t\t<\/div>\n\t\t","protected":false},"excerpt":{"rendered":"<p>COOKIES-POLITIK &#8211; Orava Diese Cookie-Richtlinie erkl\u00e4rt, was Cookies sind und wie wir sie verwenden, welche Arten von Cookies wir verwenden, d. h. welche Informationen wir mithilfe von Cookies sammeln und wie diese Informationen verwendet werden, und wie Sie die Cookie-Einstellungen steuern k\u00f6nnen. Weitere Informationen dar\u00fcber, wie wir Ihre pers\u00f6nlichen Daten verwenden, speichern und sch\u00fctzen, finden [&hellip;]<\/p>\n","protected":false},"author":2,"featured_media":0,"parent":0,"menu_order":0,"comment_status":"closed","ping_status":"closed","template":"elementor_header_footer","meta":{"footnotes":""},"folder":[],"yoast_head":"<!-- This site is optimized with the Yoast SEO plugin v20.13 - https:\/\/yoast.com\/wordpress\/plugins\/seo\/ -->\n<title>Cookie-Richtlinie - Orava | Field marketing<\/title>\n<meta name=\"robots\" content=\"index, follow, max-snippet:-1, max-image-preview:large, max-video-preview:-1\" \/>\n<link rel=\"canonical\" href=\"https:\/\/orava.lu\/de\/cookie-richtlinie\/\" \/>\n<meta property=\"og:locale\" content=\"de_DE\" \/>\n<meta property=\"og:type\" content=\"article\" \/>\n<meta property=\"og:title\" content=\"Cookie-Richtlinie - Orava | Field marketing\" \/>\n<meta property=\"og:description\" content=\"COOKIES-POLITIK &#8211; Orava Diese Cookie-Richtlinie erkl\u00e4rt, was Cookies sind und wie wir sie verwenden, welche Arten von Cookies wir verwenden, d. h. welche Informationen wir mithilfe von Cookies sammeln und wie diese Informationen verwendet werden, und wie Sie die Cookie-Einstellungen steuern k\u00f6nnen. Weitere Informationen dar\u00fcber, wie wir Ihre pers\u00f6nlichen Daten verwenden, speichern und sch\u00fctzen, finden [&hellip;]\" \/>\n<meta property=\"og:url\" content=\"https:\/\/orava.lu\/de\/cookie-richtlinie\/\" \/>\n<meta property=\"og:site_name\" content=\"Orava | Field marketing\" \/>\n<meta property=\"article:publisher\" content=\"https:\/\/www.facebook.com\/orava2107\" \/>\n<meta property=\"article:modified_time\" content=\"2023-08-16T14:05:40+00:00\" \/>\n<meta name=\"twitter:card\" content=\"summary_large_image\" \/>\n<meta name=\"twitter:label1\" content=\"Gesch\u00e4tzte Lesezeit\" \/>\n\t<meta name=\"twitter:data1\" content=\"3 Minuten\" \/>\n<script type=\"application\/ld+json\" class=\"yoast-schema-graph\">{\"@context\":\"https:\/\/schema.org\",\"@graph\":[{\"@type\":\"WebPage\",\"@id\":\"https:\/\/orava.lu\/de\/cookie-richtlinie\/\",\"url\":\"https:\/\/orava.lu\/de\/cookie-richtlinie\/\",\"name\":\"Cookie-Richtlinie - Orava | Field marketing\",\"isPartOf\":{\"@id\":\"https:\/\/orava.lu\/de\/#website\"},\"datePublished\":\"2023-05-22T12:29:13+00:00\",\"dateModified\":\"2023-08-16T14:05:40+00:00\",\"breadcrumb\":{\"@id\":\"https:\/\/orava.lu\/de\/cookie-richtlinie\/#breadcrumb\"},\"inLanguage\":\"de-DE\",\"potentialAction\":[{\"@type\":\"ReadAction\",\"target\":[\"https:\/\/orava.lu\/de\/cookie-richtlinie\/\"]}]},{\"@type\":\"BreadcrumbList\",\"@id\":\"https:\/\/orava.lu\/de\/cookie-richtlinie\/#breadcrumb\",\"itemListElement\":[{\"@type\":\"ListItem\",\"position\":1,\"name\":\"Accueil\",\"item\":\"https:\/\/orava.lu\/de\/\"},{\"@type\":\"ListItem\",\"position\":2,\"name\":\"Cookie-Richtlinie\"}]},{\"@type\":\"WebSite\",\"@id\":\"https:\/\/orava.lu\/de\/#website\",\"url\":\"https:\/\/orava.lu\/de\/\",\"name\":\"Orava | Field marketing\",\"description\":\"\",\"publisher\":{\"@id\":\"https:\/\/orava.lu\/de\/#organization\"},\"potentialAction\":[{\"@type\":\"SearchAction\",\"target\":{\"@type\":\"EntryPoint\",\"urlTemplate\":\"https:\/\/orava.lu\/de\/?s={search_term_string}\"},\"query-input\":\"required name=search_term_string\"}],\"inLanguage\":\"de-DE\"},{\"@type\":\"Organization\",\"@id\":\"https:\/\/orava.lu\/de\/#organization\",\"name\":\"Orava | Field marketing\",\"url\":\"https:\/\/orava.lu\/de\/\",\"logo\":{\"@type\":\"ImageObject\",\"inLanguage\":\"de-DE\",\"@id\":\"https:\/\/orava.lu\/de\/#\/schema\/logo\/image\/\",\"url\":\"https:\/\/orava.lu\/wp-content\/uploads\/2023\/03\/final-logo-orava-field-marketing-luxembourg.svg\",\"contentUrl\":\"https:\/\/orava.lu\/wp-content\/uploads\/2023\/03\/final-logo-orava-field-marketing-luxembourg.svg\",\"width\":298,\"height\":121,\"caption\":\"Orava | Field marketing\"},\"image\":{\"@id\":\"https:\/\/orava.lu\/de\/#\/schema\/logo\/image\/\"},\"sameAs\":[\"https:\/\/www.facebook.com\/orava2107\"]}]}<\/script>\n<!-- \/ Yoast SEO plugin. -->","yoast_head_json":{"title":"Cookie-Richtlinie - Orava | Field marketing","robots":{"index":"index","follow":"follow","max-snippet":"max-snippet:-1","max-image-preview":"max-image-preview:large","max-video-preview":"max-video-preview:-1"},"canonical":"https:\/\/orava.lu\/de\/cookie-richtlinie\/","og_locale":"de_DE","og_type":"article","og_title":"Cookie-Richtlinie - Orava | Field marketing","og_description":"COOKIES-POLITIK &#8211; Orava Diese Cookie-Richtlinie erkl\u00e4rt, was Cookies sind und wie wir sie verwenden, welche Arten von Cookies wir verwenden, d. h. welche Informationen wir mithilfe von Cookies sammeln und wie diese Informationen verwendet werden, und wie Sie die Cookie-Einstellungen steuern k\u00f6nnen. Weitere Informationen dar\u00fcber, wie wir Ihre pers\u00f6nlichen Daten verwenden, speichern und sch\u00fctzen, finden [&hellip;]","og_url":"https:\/\/orava.lu\/de\/cookie-richtlinie\/","og_site_name":"Orava | Field marketing","article_publisher":"https:\/\/www.facebook.com\/orava2107","article_modified_time":"2023-08-16T14:05:40+00:00","twitter_card":"summary_large_image","twitter_misc":{"Gesch\u00e4tzte Lesezeit":"3 Minuten"},"schema":{"@context":"https:\/\/schema.org","@graph":[{"@type":"WebPage","@id":"https:\/\/orava.lu\/de\/cookie-richtlinie\/","url":"https:\/\/orava.lu\/de\/cookie-richtlinie\/","name":"Cookie-Richtlinie - Orava | Field marketing","isPartOf":{"@id":"https:\/\/orava.lu\/de\/#website"},"datePublished":"2023-05-22T12:29:13+00:00","dateModified":"2023-08-16T14:05:40+00:00","breadcrumb":{"@id":"https:\/\/orava.lu\/de\/cookie-richtlinie\/#breadcrumb"},"inLanguage":"de-DE","potentialAction":[{"@type":"ReadAction","target":["https:\/\/orava.lu\/de\/cookie-richtlinie\/"]}]},{"@type":"BreadcrumbList","@id":"https:\/\/orava.lu\/de\/cookie-richtlinie\/#breadcrumb","itemListElement":[{"@type":"ListItem","position":1,"name":"Accueil","item":"https:\/\/orava.lu\/de\/"},{"@type":"ListItem","position":2,"name":"Cookie-Richtlinie"}]},{"@type":"WebSite","@id":"https:\/\/orava.lu\/de\/#website","url":"https:\/\/orava.lu\/de\/","name":"Orava | Field marketing","description":"","publisher":{"@id":"https:\/\/orava.lu\/de\/#organization"},"potentialAction":[{"@type":"SearchAction","target":{"@type":"EntryPoint","urlTemplate":"https:\/\/orava.lu\/de\/?s={search_term_string}"},"query-input":"required name=search_term_string"}],"inLanguage":"de-DE"},{"@type":"Organization","@id":"https:\/\/orava.lu\/de\/#organization","name":"Orava | Field marketing","url":"https:\/\/orava.lu\/de\/","logo":{"@type":"ImageObject","inLanguage":"de-DE","@id":"https:\/\/orava.lu\/de\/#\/schema\/logo\/image\/","url":"https:\/\/orava.lu\/wp-content\/uploads\/2023\/03\/final-logo-orava-field-marketing-luxembourg.svg","contentUrl":"https:\/\/orava.lu\/wp-content\/uploads\/2023\/03\/final-logo-orava-field-marketing-luxembourg.svg","width":298,"height":121,"caption":"Orava | Field marketing"},"image":{"@id":"https:\/\/orava.lu\/de\/#\/schema\/logo\/image\/"},"sameAs":["https:\/\/www.facebook.com\/orava2107"]}]}},"_links":{"self":[{"href":"https:\/\/orava.lu\/de\/wp-json\/wp\/v2\/pages\/4044"}],"collection":[{"href":"https:\/\/orava.lu\/de\/wp-json\/wp\/v2\/pages"}],"about":[{"href":"https:\/\/orava.lu\/de\/wp-json\/wp\/v2\/types\/page"}],"author":[{"embeddable":true,"href":"https:\/\/orava.lu\/de\/wp-json\/wp\/v2\/users\/2"}],"replies":[{"embeddable":true,"href":"https:\/\/orava.lu\/de\/wp-json\/wp\/v2\/comments?post=4044"}],"version-history":[{"count":1,"href":"https:\/\/orava.lu\/de\/wp-json\/wp\/v2\/pages\/4044\/revisions"}],"predecessor-version":[{"id":4045,"href":"https:\/\/orava.lu\/de\/wp-json\/wp\/v2\/pages\/4044\/revisions\/4045"}],"wp:attachment":[{"href":"https:\/\/orava.lu\/de\/wp-json\/wp\/v2\/media?parent=4044"}],"wp:term":[{"taxonomy":"folder","embeddable":true,"href":"https:\/\/orava.lu\/de\/wp-json\/wp\/v2\/folder?post=4044"}],"curies":[{"name":"wp","href":"https:\/\/api.w.org\/{rel}","templated":true}]}}